{"id":152,"date":"2018-12-24T11:32:51","date_gmt":"2018-12-24T11:32:51","guid":{"rendered":"https:\/\/websitedemos.net\/yoga-instructor-02\/?page_id=152"},"modified":"2019-12-09T19:12:28","modified_gmt":"2019-12-09T16:12:28","slug":"blog","status":"publish","type":"page","link":"https:\/\/www.iyibabalar.org\/?page_id=152","title":{"rendered":"Neden \u0130yi Babalar?"},"content":{"rendered":"\t\t<div data-elementor-type=\"wp-page\" data-elementor-id=\"152\" class=\"elementor elementor-152\">\n\t\t\t\t\t\t<section class=\"elementor-section elementor-top-section elementor-element elementor-element-e06cbec elementor-section-content-middle elementor-section-boxed elementor-section-height-default elementor-section-height-default\" data-id=\"e06cbec\" data-element_type=\"section\" data-settings=\"{&quot;background_background&quot;:&quot;classic&quot;}\">\n\t\t\t\t\t\t<div class=\"elementor-container elementor-column-gap-default\">\n\t\t\t\t\t<div class=\"elementor-column elementor-col-100 elementor-top-column elementor-element elementor-element-767b5a7\" data-id=\"767b5a7\" data-element_type=\"column\">\n\t\t\t<div class=\"elementor-widget-wrap elementor-element-populated\">\n\t\t\t\t\t\t<section class=\"elementor-section elementor-inner-section elementor-element elementor-element-866802c elementor-section-boxed elementor-section-height-default elementor-section-height-default\" data-id=\"866802c\" data-element_type=\"section\">\n\t\t\t\t\t\t<div class=\"elementor-container elementor-column-gap-default\">\n\t\t\t\t\t<div class=\"elementor-column elementor-col-100 elementor-inner-column elementor-element elementor-element-3e3547d\" data-id=\"3e3547d\" data-element_type=\"column\">\n\t\t\t<div class=\"elementor-widget-wrap elementor-element-populated\">\n\t\t\t\t\t\t<div class=\"elementor-element elementor-element-532295c elementor-widget elementor-widget-heading\" data-id=\"532295c\" data-element_type=\"widget\" data-widget_type=\"heading.default\">\n\t\t\t\t<div class=\"elementor-widget-container\">\n\t\t\t\t\t<h1 class=\"elementor-heading-title elementor-size-default\">NEDEN \u0130Y\u0130 BABALAR?<\/h1>\t\t\t\t<\/div>\n\t\t\t\t<\/div>\n\t\t\t\t\t<\/div>\n\t\t<\/div>\n\t\t\t\t\t<\/div>\n\t\t<\/section>\n\t\t\t\t<div class=\"elementor-element elementor-element-ee5b79e elementor-widget elementor-widget-text-editor\" data-id=\"ee5b79e\" data-element_type=\"widget\" data-widget_type=\"text-editor.default\">\n\t\t\t\t<div class=\"elementor-widget-container\">\n\t\t\t\t\t\t\t\t\t<p style=\"text-align: left;\"><span style=\"font-size: 20px; font-style: normal; font-weight: 900;\">\u00c7\u00dcNK\u00dc:<\/span><\/p><div><h6 style=\"text-align: justify;\"><span style=\"font-family: 'Times New Roman', serif; font-size: 15px;\">Baba \u00e7ocuk ili\u015fkisi ve bu ili\u015fkinin sonu\u00e7lar\u0131n\u0131 ortaya konulmas\u0131 zorunlu bir ihtiya\u00e7 haline gelmi\u015ftir.<\/span><\/h6><h6 style=\"text-align: justify;\"><span style=\"font-family: 'Times New Roman', serif; font-size: 15px;\">\u00a0<\/span><\/h6><h6 style=\"text-align: justify;\"><span style=\"font-family: 'Times New Roman', serif; font-size: 15px;\">Baba rol\u00fc daha \u00e7ok deneme yan\u0131lma yoluyla \u00f6\u011frenilmekte bu da \u00e7ocuk e\u011fitiminde hatalar yap\u0131lmas\u0131na ve telafisi m\u00fcmk\u00fcn olmayan yaralara sebep olabilmektedir. Haliyle \u00e7ocuk geli\u015fiminde birinci derecede \u00f6nemli olan ebeveynlerden baban\u0131n g\u00fc\u00e7lendirilmesi i\u00e7in iyi \u00f6rneklerin ve deneyim payla\u015f\u0131mlar\u0131 bu hatalar\u0131 telafi edecek niteliktedir.<\/span><\/h6><h6 style=\"text-align: justify;\"><span style=\"font-family: 'Times New Roman', serif; font-size: 15px;\"><br \/><\/span><span style=\"font-family: 'Times New Roman', serif; font-size: 15px;\">\u00c7ocuklar\u0131m\u0131z\u0131 ihmal ve istismardan korumak i\u00e7in iyi bir baba-\u00e7ocuk ili\u015fkisi kurmak \u00f6nemlidir.<\/span><\/h6><h6 style=\"text-align: justify;\"><span style=\"font-family: 'Times New Roman', serif; font-size: 15px;\"><br \/><\/span><span style=\"font-size: 11.0pt; line-height: 107%; font-family: 'Times New Roman',serif; mso-fareast-font-family: Calibri; mso-fareast-theme-font: minor-latin; mso-ansi-language: TR; mso-fareast-language: EN-US; mso-bidi-language: AR-SA;\">K\u00fclt\u00fcr\u00fcm\u00fcz\u00fcn babal\u0131kla ilgili g\u00fc\u00e7l\u00fc y\u00f6nlerini ortaya \u00e7\u0131kar\u0131lmal\u0131 ve hayata ge\u00e7irilmelidir.<\/span><\/h6><\/div>\t\t\t\t\t\t\t\t<\/div>\n\t\t\t\t<\/div>\n\t\t\t\t\t<\/div>\n\t\t<\/div>\n\t\t\t\t\t<\/div>\n\t\t<\/section>\n\t\t\t\t<section class=\"elementor-section elementor-top-section elementor-element elementor-element-9ad2c88 elementor-section-content-middle elementor-section-boxed elementor-section-height-default elementor-section-height-default\" data-id=\"9ad2c88\" data-element_type=\"section\">\n\t\t\t\t\t\t<div class=\"elementor-container elementor-column-gap-default\">\n\t\t\t\t\t<div class=\"elementor-column elementor-col-100 elementor-top-column elementor-element elementor-element-2763f3c\" data-id=\"2763f3c\" data-element_type=\"column\">\n\t\t\t<div class=\"elementor-widget-wrap\">\n\t\t\t\t\t\t\t<\/div>\n\t\t<\/div>\n\t\t\t\t\t<\/div>\n\t\t<\/section>\n\t\t\t\t<\/div>\n\t\t","protected":false},"excerpt":{"rendered":"<p>NEDEN \u0130Y\u0130 BABALAR? \u00c7\u00dcNK\u00dc: Baba \u00e7ocuk ili\u015fkisi ve bu ili\u015fkinin sonu\u00e7lar\u0131n\u0131 ortaya konulmas\u0131 zorunlu bir ihtiya\u00e7 haline gelmi\u015ftir. \u00a0 Baba rol\u00fc daha \u00e7ok deneme yan\u0131lma yoluyla \u00f6\u011frenilmekte bu da \u00e7ocuk e\u011fitiminde hatalar yap\u0131lmas\u0131na ve telafisi m\u00fcmk\u00fcn olmayan yaralara sebep olabilmektedir. Haliyle \u00e7ocuk geli\u015fiminde birinci derecede \u00f6nemli olan ebeveynlerden baban\u0131n g\u00fc\u00e7lendirilmesi i\u00e7in iyi \u00f6rneklerin ve deneyim [&hellip;]<\/p>\n","protected":false},"author":1,"featured_media":0,"parent":0,"menu_order":0,"comment_status":"closed","ping_status":"closed","template":"elementor_header_footer","meta":{"_uag_custom_page_level_css":"","site-sidebar-layout":"no-sidebar","site-content-layout":"page-builder","ast-site-content-layout":"default","site-content-style":"default","site-sidebar-style":"default","ast-global-header-display":"","ast-banner-title-visibility":"","ast-main-header-display":"","ast-hfb-above-header-display":"","ast-hfb-below-header-display":"","ast-hfb-mobile-header-display":"","site-post-title":"disabled","ast-breadcrumbs-content":"","ast-featured-img":"disabled","footer-sml-layout":"","ast-disable-related-posts":"","theme-transparent-header-meta":"default","adv-header-id-meta":"","stick-header-meta":"","header-above-stick-meta":"","header-main-stick-meta":"","header-below-stick-meta":"","astra-migrate-meta-layouts":"default","ast-page-background-enabled":"default","ast-page-background-meta":{"desktop":{"background-color":"","background-image":"","background-repeat":"repeat","background-position":"center center","background-size":"auto","background-attachment":"scroll","background-type":"","background-media":"","overlay-type":"","overlay-color":"","overlay-opacity":"","overlay-gradient":""},"tablet":{"background-color":"","background-image":"","background-repeat":"repeat","background-position":"center center","background-size":"auto","background-attachment":"scroll","background-type":"","background-media":"","overlay-type":"","overlay-color":"","overlay-opacity":"","overlay-gradient":""},"mobile":{"background-color":"","background-image":"","background-repeat":"repeat","background-position":"center center","background-size":"auto","background-attachment":"scroll","background-type":"","background-media":"","overlay-type":"","overlay-color":"","overlay-opacity":"","overlay-gradient":""}},"ast-content-background-meta":{"desktop":{"background-color":"var(--ast-global-color-5)","background-image":"","background-repeat":"repeat","background-position":"center center","background-size":"auto","background-attachment":"scroll","background-type":"","background-media":"","overlay-type":"","overlay-color":"","overlay-opacity":"","overlay-gradient":""},"tablet":{"background-color":"var(--ast-global-color-5)","background-image":"","background-repeat":"repeat","background-position":"center center","background-size":"auto","background-attachment":"scroll","background-type":"","background-media":"","overlay-type":"","overlay-color":"","overlay-opacity":"","overlay-gradient":""},"mobile":{"background-color":"var(--ast-global-color-5)","background-image":"","background-repeat":"repeat","background-position":"center center","background-size":"auto","background-attachment":"scroll","background-type":"","background-media":"","overlay-type":"","overlay-color":"","overlay-opacity":"","overlay-gradient":""}},"footnotes":""},"class_list":["post-152","page","type-page","status-publish","hentry"],"uagb_featured_image_src":{"full":false,"thumbnail":false,"medium":false,"medium_large":false,"large":false,"1536x1536":false,"2048x2048":false},"uagb_author_info":{"display_name":"hasan","author_link":"https:\/\/www.iyibabalar.org\/?author=1"},"uagb_comment_info":0,"uagb_excerpt":"NEDEN \u0130Y\u0130 BABALAR? \u00c7\u00dcNK\u00dc: Baba \u00e7ocuk ili\u015fkisi ve bu ili\u015fkinin sonu\u00e7lar\u0131n\u0131 ortaya konulmas\u0131 zorunlu bir ihtiya\u00e7 haline gelmi\u015ftir. \u00a0 Baba rol\u00fc daha \u00e7ok deneme yan\u0131lma yoluyla \u00f6\u011frenilmekte bu da \u00e7ocuk e\u011fitiminde hatalar yap\u0131lmas\u0131na ve telafisi m\u00fcmk\u00fcn olmayan yaralara sebep olabilmektedir. Haliyle \u00e7ocuk geli\u015fiminde birinci derecede \u00f6nemli olan ebeveynlerden baban\u0131n g\u00fc\u00e7lendirilmesi i\u00e7in iyi \u00f6rneklerin ve deneyim&hellip;","_links":{"self":[{"href":"https:\/\/www.iyibabalar.org\/index.php?rest_route=\/wp\/v2\/pages\/152","targetHints":{"allow":["GET"]}}],"collection":[{"href":"https:\/\/www.iyibabalar.org\/index.php?rest_route=\/wp\/v2\/pages"}],"about":[{"href":"https:\/\/www.iyibabalar.org\/index.php?rest_route=\/wp\/v2\/types\/page"}],"author":[{"embeddable":true,"href":"https:\/\/www.iyibabalar.org\/index.php?rest_route=\/wp\/v2\/users\/1"}],"replies":[{"embeddable":true,"href":"https:\/\/www.iyibabalar.org\/index.php?rest_route=%2Fwp%2Fv2%2Fcomments&post=152"}],"version-history":[{"count":77,"href":"https:\/\/www.iyibabalar.org\/index.php?rest_route=\/wp\/v2\/pages\/152\/revisions"}],"predecessor-version":[{"id":667,"href":"https:\/\/www.iyibabalar.org\/index.php?rest_route=\/wp\/v2\/pages\/152\/revisions\/667"}],"wp:attachment":[{"href":"https:\/\/www.iyibabalar.org\/index.php?rest_route=%2Fwp%2Fv2%2Fmedia&parent=152"}],"curies":[{"name":"wp","href":"https:\/\/api.w.org\/{rel}","templated":true}]}}