{"id":9,"date":"2018-10-09T10:03:12","date_gmt":"2018-10-09T10:03:12","guid":{"rendered":"https:\/\/websitedemos.net\/yoga-center-02\/?page_id=4"},"modified":"2019-12-10T05:46:10","modified_gmt":"2019-12-10T02:46:10","slug":"home","status":"publish","type":"page","link":"https:\/\/www.iyibabalar.org\/","title":{"rendered":"Anasayfa"},"content":{"rendered":"\t\t<div data-elementor-type=\"wp-post\" data-elementor-id=\"9\" class=\"elementor elementor-9\">\n\t\t\t\t\t\t<section class=\"elementor-section elementor-top-section elementor-element elementor-element-20f57b9b elementor-section-content-middle elementor-section-boxed elementor-section-height-default elementor-section-height-default\" data-id=\"20f57b9b\" data-element_type=\"section\" data-settings=\"{&quot;background_background&quot;:&quot;classic&quot;}\">\n\t\t\t\t\t\t\t<div class=\"elementor-background-overlay\"><\/div>\n\t\t\t\t\t\t\t<div class=\"elementor-container elementor-column-gap-default\">\n\t\t\t\t\t<div class=\"elementor-column elementor-col-100 elementor-top-column elementor-element elementor-element-90a83e2\" data-id=\"90a83e2\" data-element_type=\"column\">\n\t\t\t<div class=\"elementor-widget-wrap elementor-element-populated\">\n\t\t\t\t\t\t<section class=\"elementor-section elementor-inner-section elementor-element elementor-element-3731d5e0 elementor-section-boxed elementor-section-height-default elementor-section-height-default\" data-id=\"3731d5e0\" data-element_type=\"section\">\n\t\t\t\t\t\t<div class=\"elementor-container elementor-column-gap-default\">\n\t\t\t\t\t<div class=\"elementor-column elementor-col-100 elementor-inner-column elementor-element elementor-element-43b91b71\" data-id=\"43b91b71\" data-element_type=\"column\">\n\t\t\t<div class=\"elementor-widget-wrap elementor-element-populated\">\n\t\t\t\t\t\t<div class=\"elementor-element elementor-element-381b652 elementor-widget elementor-widget-heading\" data-id=\"381b652\" data-element_type=\"widget\" data-widget_type=\"heading.default\">\n\t\t\t\t<div class=\"elementor-widget-container\">\n\t\t\t\t\t<h1 class=\"elementor-heading-title elementor-size-default\">B\u0130Z K\u0130M\u0130Z?<\/h1>\t\t\t\t<\/div>\n\t\t\t\t<\/div>\n\t\t\t\t<div class=\"elementor-element elementor-element-77cf6dd elementor-widget elementor-widget-text-editor\" data-id=\"77cf6dd\" data-element_type=\"widget\" data-widget_type=\"text-editor.default\">\n\t\t\t\t<div class=\"elementor-widget-container\">\n\t\t\t\t\t\t\t\t\t<h6>\u201c\u0130yi Babalar Platformu\u201d, T\u00fcrkiye\u2019de <i>\u201ciyi babal\u0131k\u201d<\/i> kavram\u0131n\u0131n niteliklerini ortaya koymay\u0131 ve bu kavram\u0131 g\u00fcncel tutmay\u0131 hedefliyor. Bunu yaparken g\u00f6n\u00fcll\u00fcler ve destek\u00e7ilerle i\u015fbirli\u011fini \u00f6nemsiyor. Akademik \u00e7al\u0131\u015fmalar babalar\u0131n \u00e7ocuk geli\u015fimde ve e\u011fitiminde deste\u011fe ihtiya\u00e7 duyduklar\u0131n\u0131 s\u00f6yl\u00fcyor. Bunun i\u00e7in \u201c\u0130yi Babalar Platformu\u201d \u201cBabalara f\u0131rsat yaratma ve deneyim sahibi olman\u0131n imk\u00e2n\u0131n\u0131 nas\u0131l sunar\u0131z?\u201d sorusunun cevab\u0131n\u0131n aray\u0131\u015f\u0131 i\u00e7erisinde. Bu y\u00fczden \u201c\u0130yi Babalar Platformu\u201d olarak, baban\u0131n hayattaki en \u00f6nemli rol\u00fcn\u00fcn babal\u0131k rol\u00fc oldu\u011funu savunuyor.<\/h6><h6>\u0130yi Babalar Platformu, \u00c7\u00f6z\u00fcm odakl\u0131, bilimsel, tarafs\u0131z ve ba\u011f\u0131ms\u0131z olarak faaliyetlerini S\u00dcRD\u00dcR\u00dcR; cinsiyet\u00e7i, politik ve ayr\u0131mc\u0131 TUTUMLARDAN KA\u00c7INIR.<br \/>\u00a0<\/h6>\t\t\t\t\t\t\t\t<\/div>\n\t\t\t\t<\/div>\n\t\t\t\t<div class=\"elementor-element elementor-element-79f39d39 elementor-tablet-align-left elementor-widget elementor-widget-button\" data-id=\"79f39d39\" data-element_type=\"widget\" data-widget_type=\"button.default\">\n\t\t\t\t<div class=\"elementor-widget-container\">\n\t\t\t\t\t\t\t\t\t<div class=\"elementor-button-wrapper\">\n\t\t\t\t\t<a class=\"elementor-button elementor-button-link elementor-size-sm elementor-animation-float\" href=\"https:\/\/www.iyibabalar.org\/?page_id=94\">\n\t\t\t\t\t\t<span class=\"elementor-button-content-wrapper\">\n\t\t\t\t\t\t\t\t\t<span class=\"elementor-button-text\">\u0130leti\u015fim<\/span>\n\t\t\t\t\t<\/span>\n\t\t\t\t\t<\/a>\n\t\t\t\t<\/div>\n\t\t\t\t\t\t\t\t<\/div>\n\t\t\t\t<\/div>\n\t\t\t\t\t<\/div>\n\t\t<\/div>\n\t\t\t\t\t<\/div>\n\t\t<\/section>\n\t\t\t\t\t<\/div>\n\t\t<\/div>\n\t\t\t\t\t<\/div>\n\t\t<\/section>\n\t\t\t\t<section class=\"elementor-section elementor-top-section elementor-element elementor-element-8acdc40 elementor-section-content-middle elementor-section-boxed elementor-section-height-default elementor-section-height-default\" data-id=\"8acdc40\" data-element_type=\"section\">\n\t\t\t\t\t\t<div class=\"elementor-container elementor-column-gap-no\">\n\t\t\t\t\t<div class=\"elementor-column elementor-col-100 elementor-top-column elementor-element elementor-element-96f17de\" data-id=\"96f17de\" data-element_type=\"column\">\n\t\t\t<div class=\"elementor-widget-wrap\">\n\t\t\t\t\t\t\t<\/div>\n\t\t<\/div>\n\t\t\t\t\t<\/div>\n\t\t<\/section>\n\t\t\t\t<\/div>\n\t\t","protected":false},"excerpt":{"rendered":"<p>B\u0130Z K\u0130M\u0130Z? \u201c\u0130yi Babalar Platformu\u201d, T\u00fcrkiye\u2019de \u201ciyi babal\u0131k\u201d kavram\u0131n\u0131n niteliklerini ortaya koymay\u0131 ve bu kavram\u0131 g\u00fcncel tutmay\u0131 hedefliyor. Bunu yaparken g\u00f6n\u00fcll\u00fcler ve destek\u00e7ilerle i\u015fbirli\u011fini \u00f6nemsiyor. Akademik \u00e7al\u0131\u015fmalar babalar\u0131n \u00e7ocuk geli\u015fimde ve e\u011fitiminde deste\u011fe ihtiya\u00e7 duyduklar\u0131n\u0131 s\u00f6yl\u00fcyor. Bunun i\u00e7in \u201c\u0130yi Babalar Platformu\u201d \u201cBabalara f\u0131rsat yaratma ve deneyim sahibi olman\u0131n imk\u00e2n\u0131n\u0131 nas\u0131l sunar\u0131z?\u201d sorusunun cevab\u0131n\u0131n aray\u0131\u015f\u0131 i\u00e7erisinde. [&hellip;]<\/p>\n","protected":false},"author":1,"featured_media":514,"parent":0,"menu_order":0,"comment_status":"closed","ping_status":"closed","template":"","meta":{"_uag_custom_page_level_css":"","site-sidebar-layout":"no-sidebar","site-content-layout":"page-builder","ast-site-content-layout":"default","site-content-style":"default","site-sidebar-style":"default","ast-global-header-display":"","ast-banner-title-visibility":"","ast-main-header-display":"","ast-hfb-above-header-display":"","ast-hfb-below-header-display":"","ast-hfb-mobile-header-display":"","site-post-title":"disabled","ast-breadcrumbs-content":"","ast-featured-img":"disabled","footer-sml-layout":"","ast-disable-related-posts":"","theme-transparent-header-meta":"default","adv-header-id-meta":"","stick-header-meta":"","header-above-stick-meta":"","header-main-stick-meta":"","header-below-stick-meta":"","astra-migrate-meta-layouts":"default","ast-page-background-enabled":"default","ast-page-background-meta":{"desktop":{"background-color":"","background-image":"","background-repeat":"repeat","background-position":"center center","background-size":"auto","background-attachment":"scroll","background-type":"","background-media":"","overlay-type":"","overlay-color":"","overlay-opacity":"","overlay-gradient":""},"tablet":{"background-color":"","background-image":"","background-repeat":"repeat","background-position":"center center","background-size":"auto","background-attachment":"scroll","background-type":"","background-media":"","overlay-type":"","overlay-color":"","overlay-opacity":"","overlay-gradient":""},"mobile":{"background-color":"","background-image":"","background-repeat":"repeat","background-position":"center center","background-size":"auto","background-attachment":"scroll","background-type":"","background-media":"","overlay-type":"","overlay-color":"","overlay-opacity":"","overlay-gradient":""}},"ast-content-background-meta":{"desktop":{"background-color":"var(--ast-global-color-5)","background-image":"","background-repeat":"repeat","background-position":"center center","background-size":"auto","background-attachment":"scroll","background-type":"","background-media":"","overlay-type":"","overlay-color":"","overlay-opacity":"","overlay-gradient":""},"tablet":{"background-color":"var(--ast-global-color-5)","background-image":"","background-repeat":"repeat","background-position":"center center","background-size":"auto","background-attachment":"scroll","background-type":"","background-media":"","overlay-type":"","overlay-color":"","overlay-opacity":"","overlay-gradient":""},"mobile":{"background-color":"var(--ast-global-color-5)","background-image":"","background-repeat":"repeat","background-position":"center center","background-size":"auto","background-attachment":"scroll","background-type":"","background-media":"","overlay-type":"","overlay-color":"","overlay-opacity":"","overlay-gradient":""}},"footnotes":""},"class_list":["post-9","page","type-page","status-publish","has-post-thumbnail","hentry"],"uagb_featured_image_src":{"full":["https:\/\/www.iyibabalar.org\/wp-content\/uploads\/2019\/12\/\u0130Y\u0130BABALARPLATFORMU-orta.png",330,330,false],"thumbnail":["https:\/\/www.iyibabalar.org\/wp-content\/uploads\/2019\/12\/\u0130Y\u0130BABALARPLATFORMU-orta-150x150.png",150,150,true],"medium":["https:\/\/www.iyibabalar.org\/wp-content\/uploads\/2019\/12\/\u0130Y\u0130BABALARPLATFORMU-orta-300x300.png",300,300,true],"medium_large":["https:\/\/www.iyibabalar.org\/wp-content\/uploads\/2019\/12\/\u0130Y\u0130BABALARPLATFORMU-orta.png",330,330,false],"large":["https:\/\/www.iyibabalar.org\/wp-content\/uploads\/2019\/12\/\u0130Y\u0130BABALARPLATFORMU-orta.png",330,330,false],"1536x1536":["https:\/\/www.iyibabalar.org\/wp-content\/uploads\/2019\/12\/\u0130Y\u0130BABALARPLATFORMU-orta.png",330,330,false],"2048x2048":["https:\/\/www.iyibabalar.org\/wp-content\/uploads\/2019\/12\/\u0130Y\u0130BABALARPLATFORMU-orta.png",330,330,false]},"uagb_author_info":{"display_name":"hasan","author_link":"https:\/\/www.iyibabalar.org\/?author=1"},"uagb_comment_info":0,"uagb_excerpt":"B\u0130Z K\u0130M\u0130Z? \u201c\u0130yi Babalar Platformu\u201d, T\u00fcrkiye\u2019de \u201ciyi babal\u0131k\u201d kavram\u0131n\u0131n niteliklerini ortaya koymay\u0131 ve bu kavram\u0131 g\u00fcncel tutmay\u0131 hedefliyor. Bunu yaparken g\u00f6n\u00fcll\u00fcler ve destek\u00e7ilerle i\u015fbirli\u011fini \u00f6nemsiyor. Akademik \u00e7al\u0131\u015fmalar babalar\u0131n \u00e7ocuk geli\u015fimde ve e\u011fitiminde deste\u011fe ihtiya\u00e7 duyduklar\u0131n\u0131 s\u00f6yl\u00fcyor. Bunun i\u00e7in \u201c\u0130yi Babalar Platformu\u201d \u201cBabalara f\u0131rsat yaratma ve deneyim sahibi olman\u0131n imk\u00e2n\u0131n\u0131 nas\u0131l sunar\u0131z?\u201d sorusunun cevab\u0131n\u0131n aray\u0131\u015f\u0131 i\u00e7erisinde.&hellip;","_links":{"self":[{"href":"https:\/\/www.iyibabalar.org\/index.php?rest_route=\/wp\/v2\/pages\/9","targetHints":{"allow":["GET"]}}],"collection":[{"href":"https:\/\/www.iyibabalar.org\/index.php?rest_route=\/wp\/v2\/pages"}],"about":[{"href":"https:\/\/www.iyibabalar.org\/index.php?rest_route=\/wp\/v2\/types\/page"}],"author":[{"embeddable":true,"href":"https:\/\/www.iyibabalar.org\/index.php?rest_route=\/wp\/v2\/users\/1"}],"replies":[{"embeddable":true,"href":"https:\/\/www.iyibabalar.org\/index.php?rest_route=%2Fwp%2Fv2%2Fcomments&post=9"}],"version-history":[{"count":33,"href":"https:\/\/www.iyibabalar.org\/index.php?rest_route=\/wp\/v2\/pages\/9\/revisions"}],"predecessor-version":[{"id":696,"href":"https:\/\/www.iyibabalar.org\/index.php?rest_route=\/wp\/v2\/pages\/9\/revisions\/696"}],"wp:featuredmedia":[{"embeddable":true,"href":"https:\/\/www.iyibabalar.org\/index.php?rest_route=\/wp\/v2\/media\/514"}],"wp:attachment":[{"href":"https:\/\/www.iyibabalar.org\/index.php?rest_route=%2Fwp%2Fv2%2Fmedia&parent=9"}],"curies":[{"name":"wp","href":"https:\/\/api.w.org\/{rel}","templated":true}]}}